{"id":302,"date":"2025-02-06T12:40:31","date_gmt":"2025-02-06T12:40:31","guid":{"rendered":"https:\/\/rmtourportugal.com\/sobre-nos\/"},"modified":"2025-03-06T12:18:51","modified_gmt":"2025-03-06T12:18:51","slug":"sobre-nos","status":"publish","type":"page","link":"https:\/\/rmtourportugal.com\/pt-pt\/sobre-nos\/","title":{"rendered":"Sobre N\u00f3s"},"content":{"rendered":"\t\t<div data-elementor-type=\"wp-page\" data-elementor-id=\"302\" class=\"elementor elementor-302\" data-elementor-post-type=\"page\">\n\t\t\t\t<div class=\"elementor-element elementor-element-103885f e-flex e-con-boxed e-con e-parent\" data-id=\"103885f\" data-element_type=\"container\">\n\t\t\t\t\t<div class=\"e-con-inner\">\n\t\t\t\t<div class=\"elementor-element elementor-element-93ee49c elementor-arrows-position-inside elementor-pagination-position-outside elementor-widget elementor-widget-image-carousel\" data-id=\"93ee49c\" data-element_type=\"widget\" data-settings=\"{&quot;slides_to_show&quot;:&quot;4&quot;,&quot;image_spacing_custom&quot;:{&quot;unit&quot;:&quot;px&quot;,&quot;size&quot;:5,&quot;sizes&quot;:[]},&quot;navigation&quot;:&quot;both&quot;,&quot;autoplay&quot;:&quot;yes&quot;,&quot;pause_on_hover&quot;:&quot;yes&quot;,&quot;pause_on_interaction&quot;:&quot;yes&quot;,&quot;autoplay_speed&quot;:5000,&quot;infinite&quot;:&quot;yes&quot;,&quot;speed&quot;:500,&quot;image_spacing_custom_tablet&quot;:{&quot;unit&quot;:&quot;px&quot;,&quot;size&quot;:&quot;&quot;,&quot;sizes&quot;:[]},&quot;image_spacing_custom_mobile&quot;:{&quot;unit&quot;:&quot;px&quot;,&quot;size&quot;:&quot;&quot;,&quot;sizes&quot;:[]}}\" data-widget_type=\"image-carousel.default\">\n\t\t\t\t<div class=\"elementor-widget-container\">\n\t\t\t\t\t\t\t<div class=\"elementor-image-carousel-wrapper swiper\" role=\"region\" aria-roledescription=\"carousel\" aria-label=\"Carrossel de imagens\" dir=\"ltr\">\n\t\t\t<div class=\"elementor-image-carousel swiper-wrapper\" aria-live=\"off\">\n\t\t\t\t\t\t\t\t<div class=\"swiper-slide\" role=\"group\" aria-roledescription=\"slide\" aria-label=\"1 of 13\"><a data-elementor-open-lightbox=\"yes\" data-elementor-lightbox-slideshow=\"93ee49c\" data-elementor-lightbox-title=\"f0\" data-e-action-hash=\"#elementor-action%3Aaction%3Dlightbox%26settings%3DeyJpZCI6NTI4LCJ1cmwiOiJodHRwczpcL1wvcm10b3VycG9ydHVnYWwuY29tXC93cC1jb250ZW50XC91cGxvYWRzXC8yMDI1XC8wMlwvZjAtMS5qcGciLCJzbGlkZXNob3ciOiI5M2VlNDljIn0%3D\" href=\"https:\/\/rmtourportugal.com\/wp-content\/uploads\/2025\/02\/f0-1.jpg\"><figure class=\"swiper-slide-inner\"><img decoding=\"async\" class=\"swiper-slide-image\" src=\"https:\/\/rmtourportugal.com\/wp-content\/uploads\/2025\/02\/f0-1-300x200.jpg\" alt=\"f0\" \/><\/figure><\/a><\/div><div class=\"swiper-slide\" role=\"group\" aria-roledescription=\"slide\" aria-label=\"2 of 13\"><a data-elementor-open-lightbox=\"yes\" data-elementor-lightbox-slideshow=\"93ee49c\" data-elementor-lightbox-title=\"0a\" data-e-action-hash=\"#elementor-action%3Aaction%3Dlightbox%26settings%3DeyJpZCI6NTAyLCJ1cmwiOiJodHRwczpcL1wvcm10b3VycG9ydHVnYWwuY29tXC93cC1jb250ZW50XC91cGxvYWRzXC8yMDI1XC8wMlwvMGEuanBnIiwic2xpZGVzaG93IjoiOTNlZTQ5YyJ9\" href=\"https:\/\/rmtourportugal.com\/wp-content\/uploads\/2025\/02\/0a.jpg\"><figure class=\"swiper-slide-inner\"><img decoding=\"async\" class=\"swiper-slide-image\" src=\"https:\/\/rmtourportugal.com\/wp-content\/uploads\/2025\/02\/0a-300x200.jpg\" alt=\"0a\" \/><\/figure><\/a><\/div><div class=\"swiper-slide\" role=\"group\" aria-roledescription=\"slide\" aria-label=\"3 of 13\"><a data-elementor-open-lightbox=\"yes\" data-elementor-lightbox-slideshow=\"93ee49c\" data-elementor-lightbox-title=\"61\" data-e-action-hash=\"#elementor-action%3Aaction%3Dlightbox%26settings%3DeyJpZCI6NDc0LCJ1cmwiOiJodHRwczpcL1wvcm10b3VycG9ydHVnYWwuY29tXC93cC1jb250ZW50XC91cGxvYWRzXC8yMDI1XC8wMlwvNjEuanBnIiwic2xpZGVzaG93IjoiOTNlZTQ5YyJ9\" href=\"https:\/\/rmtourportugal.com\/wp-content\/uploads\/2025\/02\/61.jpg\"><figure class=\"swiper-slide-inner\"><img decoding=\"async\" class=\"swiper-slide-image\" src=\"https:\/\/rmtourportugal.com\/wp-content\/uploads\/2025\/02\/61-300x200.jpg\" alt=\"61\" \/><\/figure><\/a><\/div><div class=\"swiper-slide\" role=\"group\" aria-roledescription=\"slide\" aria-label=\"4 of 13\"><a data-elementor-open-lightbox=\"yes\" data-elementor-lightbox-slideshow=\"93ee49c\" data-elementor-lightbox-title=\"01\" data-e-action-hash=\"#elementor-action%3Aaction%3Dlightbox%26settings%3DeyJpZCI6NDgyLCJ1cmwiOiJodHRwczpcL1wvcm10b3VycG9ydHVnYWwuY29tXC93cC1jb250ZW50XC91cGxvYWRzXC8yMDI1XC8wMlwvMDEuanBnIiwic2xpZGVzaG93IjoiOTNlZTQ5YyJ9\" href=\"https:\/\/rmtourportugal.com\/wp-content\/uploads\/2025\/02\/01.jpg\"><figure class=\"swiper-slide-inner\"><img decoding=\"async\" class=\"swiper-slide-image\" src=\"https:\/\/rmtourportugal.com\/wp-content\/uploads\/2025\/02\/01-300x200.jpg\" alt=\"01\" \/><\/figure><\/a><\/div><div class=\"swiper-slide\" role=\"group\" aria-roledescription=\"slide\" aria-label=\"5 of 13\"><a data-elementor-open-lightbox=\"yes\" data-elementor-lightbox-slideshow=\"93ee49c\" data-elementor-lightbox-title=\"29\" data-e-action-hash=\"#elementor-action%3Aaction%3Dlightbox%26settings%3DeyJpZCI6NDg2LCJ1cmwiOiJodHRwczpcL1wvcm10b3VycG9ydHVnYWwuY29tXC93cC1jb250ZW50XC91cGxvYWRzXC8yMDI1XC8wMlwvMjkuanBnIiwic2xpZGVzaG93IjoiOTNlZTQ5YyJ9\" href=\"https:\/\/rmtourportugal.com\/wp-content\/uploads\/2025\/02\/29.jpg\"><figure class=\"swiper-slide-inner\"><img decoding=\"async\" class=\"swiper-slide-image\" src=\"https:\/\/rmtourportugal.com\/wp-content\/uploads\/2025\/02\/29-300x200.jpg\" alt=\"29\" \/><\/figure><\/a><\/div><div class=\"swiper-slide\" role=\"group\" aria-roledescription=\"slide\" aria-label=\"6 of 13\"><a data-elementor-open-lightbox=\"yes\" data-elementor-lightbox-slideshow=\"93ee49c\" data-elementor-lightbox-title=\"19\" data-e-action-hash=\"#elementor-action%3Aaction%3Dlightbox%26settings%3DeyJpZCI6MzQsInVybCI6Imh0dHBzOlwvXC9ybXRvdXJwb3J0dWdhbC5jb21cL3dwLWNvbnRlbnRcL3VwbG9hZHNcLzIwMjVcLzAxXC8xOS5qcGciLCJzbGlkZXNob3ciOiI5M2VlNDljIn0%3D\" href=\"https:\/\/rmtourportugal.com\/wp-content\/uploads\/2025\/01\/19.jpg\"><figure class=\"swiper-slide-inner\"><img decoding=\"async\" class=\"swiper-slide-image\" src=\"https:\/\/rmtourportugal.com\/wp-content\/uploads\/2025\/01\/19-300x200.jpg\" alt=\"19\" \/><\/figure><\/a><\/div><div class=\"swiper-slide\" role=\"group\" aria-roledescription=\"slide\" aria-label=\"7 of 13\"><a data-elementor-open-lightbox=\"yes\" data-elementor-lightbox-slideshow=\"93ee49c\" data-elementor-lightbox-title=\"bd\" data-e-action-hash=\"#elementor-action%3Aaction%3Dlightbox%26settings%3DeyJpZCI6MzYsInVybCI6Imh0dHBzOlwvXC9ybXRvdXJwb3J0dWdhbC5jb21cL3dwLWNvbnRlbnRcL3VwbG9hZHNcLzIwMjVcLzAxXC9iZC5qcGciLCJzbGlkZXNob3ciOiI5M2VlNDljIn0%3D\" href=\"https:\/\/rmtourportugal.com\/wp-content\/uploads\/2025\/01\/bd.jpg\"><figure class=\"swiper-slide-inner\"><img decoding=\"async\" class=\"swiper-slide-image\" src=\"https:\/\/rmtourportugal.com\/wp-content\/uploads\/2025\/01\/bd-300x200.jpg\" alt=\"bd\" \/><\/figure><\/a><\/div><div class=\"swiper-slide\" role=\"group\" aria-roledescription=\"slide\" aria-label=\"8 of 13\"><a data-elementor-open-lightbox=\"yes\" data-elementor-lightbox-slideshow=\"93ee49c\" data-elementor-lightbox-title=\"c7\" data-e-action-hash=\"#elementor-action%3Aaction%3Dlightbox%26settings%3DeyJpZCI6MzMsInVybCI6Imh0dHBzOlwvXC9ybXRvdXJwb3J0dWdhbC5jb21cL3dwLWNvbnRlbnRcL3VwbG9hZHNcLzIwMjVcLzAxXC9jNy0xLmpwZyIsInNsaWRlc2hvdyI6IjkzZWU0OWMifQ%3D%3D\" href=\"https:\/\/rmtourportugal.com\/wp-content\/uploads\/2025\/01\/c7-1.jpg\"><figure class=\"swiper-slide-inner\"><img decoding=\"async\" class=\"swiper-slide-image\" src=\"https:\/\/rmtourportugal.com\/wp-content\/uploads\/2025\/01\/c7-1-300x200.jpg\" alt=\"c7\" \/><\/figure><\/a><\/div><div class=\"swiper-slide\" role=\"group\" aria-roledescription=\"slide\" aria-label=\"9 of 13\"><a data-elementor-open-lightbox=\"yes\" data-elementor-lightbox-slideshow=\"93ee49c\" data-elementor-lightbox-title=\"0d (1)\" data-e-action-hash=\"#elementor-action%3Aaction%3Dlightbox%26settings%3DeyJpZCI6MzIsInVybCI6Imh0dHBzOlwvXC9ybXRvdXJwb3J0dWdhbC5jb21cL3dwLWNvbnRlbnRcL3VwbG9hZHNcLzIwMjVcLzAxXC8wZC0xLmpwZyIsInNsaWRlc2hvdyI6IjkzZWU0OWMifQ%3D%3D\" href=\"https:\/\/rmtourportugal.com\/wp-content\/uploads\/2025\/01\/0d-1.jpg\"><figure class=\"swiper-slide-inner\"><img decoding=\"async\" class=\"swiper-slide-image\" src=\"https:\/\/rmtourportugal.com\/wp-content\/uploads\/2025\/01\/0d-1-300x200.jpg\" alt=\"0d (1)\" \/><\/figure><\/a><\/div><div class=\"swiper-slide\" role=\"group\" aria-roledescription=\"slide\" aria-label=\"10 of 13\"><a data-elementor-open-lightbox=\"yes\" data-elementor-lightbox-slideshow=\"93ee49c\" data-elementor-lightbox-title=\"5f\" data-e-action-hash=\"#elementor-action%3Aaction%3Dlightbox%26settings%3DeyJpZCI6MTQsInVybCI6Imh0dHBzOlwvXC9ybXRvdXJwb3J0dWdhbC5jb21cL3dwLWNvbnRlbnRcL3VwbG9hZHNcLzIwMjVcLzAxXC81Zi5qcGciLCJzbGlkZXNob3ciOiI5M2VlNDljIn0%3D\" href=\"https:\/\/rmtourportugal.com\/wp-content\/uploads\/2025\/01\/5f.jpg\"><figure class=\"swiper-slide-inner\"><img decoding=\"async\" class=\"swiper-slide-image\" src=\"https:\/\/rmtourportugal.com\/wp-content\/uploads\/2025\/01\/5f-300x200.jpg\" alt=\"5f\" \/><\/figure><\/a><\/div><div class=\"swiper-slide\" role=\"group\" aria-roledescription=\"slide\" aria-label=\"11 of 13\"><a data-elementor-open-lightbox=\"yes\" data-elementor-lightbox-slideshow=\"93ee49c\" data-elementor-lightbox-title=\"d8\" data-e-action-hash=\"#elementor-action%3Aaction%3Dlightbox%26settings%3DeyJpZCI6MjksInVybCI6Imh0dHBzOlwvXC9ybXRvdXJwb3J0dWdhbC5jb21cL3dwLWNvbnRlbnRcL3VwbG9hZHNcLzIwMjVcLzAxXC9kOC5qcGciLCJzbGlkZXNob3ciOiI5M2VlNDljIn0%3D\" href=\"https:\/\/rmtourportugal.com\/wp-content\/uploads\/2025\/01\/d8.jpg\"><figure class=\"swiper-slide-inner\"><img decoding=\"async\" class=\"swiper-slide-image\" src=\"https:\/\/rmtourportugal.com\/wp-content\/uploads\/2025\/01\/d8-300x200.jpg\" alt=\"d8\" \/><\/figure><\/a><\/div><div class=\"swiper-slide\" role=\"group\" aria-roledescription=\"slide\" aria-label=\"12 of 13\"><a data-elementor-open-lightbox=\"yes\" data-elementor-lightbox-slideshow=\"93ee49c\" data-elementor-lightbox-title=\"4d\" data-e-action-hash=\"#elementor-action%3Aaction%3Dlightbox%26settings%3DeyJpZCI6OSwidXJsIjoiaHR0cHM6XC9cL3JtdG91cnBvcnR1Z2FsLmNvbVwvd3AtY29udGVudFwvdXBsb2Fkc1wvMjAyNVwvMDFcLzRkLmpwZyIsInNsaWRlc2hvdyI6IjkzZWU0OWMifQ%3D%3D\" href=\"https:\/\/rmtourportugal.com\/wp-content\/uploads\/2025\/01\/4d.jpg\"><figure class=\"swiper-slide-inner\"><img decoding=\"async\" class=\"swiper-slide-image\" src=\"https:\/\/rmtourportugal.com\/wp-content\/uploads\/2025\/01\/4d-300x200.jpg\" alt=\"4d\" \/><\/figure><\/a><\/div><div class=\"swiper-slide\" role=\"group\" aria-roledescription=\"slide\" aria-label=\"13 of 13\"><a data-elementor-open-lightbox=\"yes\" data-elementor-lightbox-slideshow=\"93ee49c\" data-elementor-lightbox-title=\"a6\" data-e-action-hash=\"#elementor-action%3Aaction%3Dlightbox%26settings%3DeyJpZCI6MjUsInVybCI6Imh0dHBzOlwvXC9ybXRvdXJwb3J0dWdhbC5jb21cL3dwLWNvbnRlbnRcL3VwbG9hZHNcLzIwMjVcLzAxXC9hNi5qcGciLCJzbGlkZXNob3ciOiI5M2VlNDljIn0%3D\" href=\"https:\/\/rmtourportugal.com\/wp-content\/uploads\/2025\/01\/a6.jpg\"><figure class=\"swiper-slide-inner\"><img decoding=\"async\" class=\"swiper-slide-image\" src=\"https:\/\/rmtourportugal.com\/wp-content\/uploads\/2025\/01\/a6-300x200.jpg\" alt=\"a6\" \/><\/figure><\/a><\/div>\t\t\t<\/div>\n\t\t\t\t\t\t\t\t\t\t\t\t<div class=\"elementor-swiper-button elementor-swiper-button-prev\" role=\"button\" tabindex=\"0\">\n\t\t\t\t\t\t<svg aria-hidden=\"true\" class=\"e-font-icon-svg e-eicon-chevron-left\" viewBox=\"0 0 1000 1000\" xmlns=\"http:\/\/www.w3.org\/2000\/svg\"><path d=\"M646 125C629 125 613 133 604 142L308 442C296 454 292 471 292 487 292 504 296 521 308 533L604 854C617 867 629 875 646 875 663 875 679 871 692 858 704 846 713 829 713 812 713 796 708 779 692 767L438 487 692 225C700 217 708 204 708 187 708 171 704 154 692 142 675 129 663 125 646 125Z\"><\/path><\/svg>\t\t\t\t\t<\/div>\n\t\t\t\t\t<div class=\"elementor-swiper-button elementor-swiper-button-next\" role=\"button\" tabindex=\"0\">\n\t\t\t\t\t\t<svg aria-hidden=\"true\" class=\"e-font-icon-svg e-eicon-chevron-right\" viewBox=\"0 0 1000 1000\" xmlns=\"http:\/\/www.w3.org\/2000\/svg\"><path d=\"M696 533C708 521 713 504 713 487 713 471 708 454 696 446L400 146C388 133 375 125 354 125 338 125 325 129 313 142 300 154 292 171 292 187 292 204 296 221 308 233L563 492 304 771C292 783 288 800 288 817 288 833 296 850 308 863 321 871 338 875 354 875 371 875 388 867 400 854L696 533Z\"><\/path><\/svg>\t\t\t\t\t<\/div>\n\t\t\t\t\n\t\t\t\t\t\t\t\t\t<div class=\"swiper-pagination\"><\/div>\n\t\t\t\t\t\t\t\t\t<\/div>\n\t\t\t\t\t\t<\/div>\n\t\t\t\t<\/div>\n\t\t\t\t\t<\/div>\n\t\t\t\t<\/div>\n\t\t<div class=\"elementor-element elementor-element-b8ce93c e-flex e-con-boxed e-con e-parent\" data-id=\"b8ce93c\" data-element_type=\"container\">\n\t\t\t\t\t<div class=\"e-con-inner\">\n\t\t\t\t<div class=\"elementor-element elementor-element-e19a2e8 elementor-widget elementor-widget-heading\" data-id=\"e19a2e8\" data-element_type=\"widget\" data-widget_type=\"heading.default\">\n\t\t\t\t<div class=\"elementor-widget-container\">\n\t\t\t\t\t<h2 class=\"elementor-heading-title elementor-size-default\">RM Tour\n<\/h2>\t\t\t\t<\/div>\n\t\t\t\t<\/div>\n\t\t\t\t<div class=\"elementor-element elementor-element-8bc8bfe elementor-widget elementor-widget-heading\" data-id=\"8bc8bfe\" data-element_type=\"widget\" data-widget_type=\"heading.default\">\n\t\t\t\t<div class=\"elementor-widget-container\">\n\t\t\t\t\t<h2 class=\"elementor-heading-title elementor-size-default\">Mais do que uma visita, uma imers\u00e3o na hist\u00f3ria e tradi\u00e7\u00e3o de Coimbra!<\/h2>\t\t\t\t<\/div>\n\t\t\t\t<\/div>\n\t\t\t\t<div class=\"elementor-element elementor-element-813eae9 elementor-widget elementor-widget-text-editor\" data-id=\"813eae9\" data-element_type=\"widget\" data-widget_type=\"text-editor.default\">\n\t\t\t\t<div class=\"elementor-widget-container\">\n\t\t\t\t\t\t\t\t\t<p>A RM Tour nasceu com o objetivo de transformar cada visita \u00e0 Universidade de Coimbra numa experi\u00eancia memor\u00e1vel, combinando hist\u00f3ria, cultura e tradi\u00e7\u00e3o de forma envolvente. As nossas visitas guiadas v\u00e3o para al\u00e9m da simples apresenta\u00e7\u00e3o de factos, proporcionando uma verdadeira imers\u00e3o na riqueza hist\u00f3rica e nos costumes que ainda hoje fazem parte da institui\u00e7\u00e3o.<\/p><p>A nossa grande diferen\u00e7a est\u00e1 na experi\u00eancia da nossa equipa, composta por antigos alunos da Universidade de Coimbra, com forma\u00e7\u00e3o em hist\u00f3ria, sociologia e turismo. Este conhecimento aprofundado permite-nos oferecer visitas aut\u00eanticas e enriquecedoras, criando uma liga\u00e7\u00e3o genu\u00edna entre o passado e o presente.<\/p><p>Com a RM Tour, a sua visita \u00e0 Universidade de Coimbra ser\u00e1 enriquecedora, din\u00e2mica e inesquec\u00edvel. Descubra um dos maiores patrim\u00f3nios hist\u00f3ricos de Portugal de uma forma \u00fanica e envolvente.<\/p>\t\t\t\t\t\t\t\t<\/div>\n\t\t\t\t<\/div>\n\t\t\t\t\t<\/div>\n\t\t\t\t<\/div>\n\t\t\t\t<\/div>\n\t\t","protected":false},"excerpt":{"rendered":"<p>RM Tour Mais do que uma visita, uma imers\u00e3o na hist\u00f3ria e tradi\u00e7\u00e3o de Coimbra! A RM Tour nasceu com o objetivo de transformar cada visita \u00e0 Universidade de Coimbra numa experi\u00eancia memor\u00e1vel, combinando hist\u00f3ria, cultura e tradi\u00e7\u00e3o de forma envolvente. As nossas visitas guiadas v\u00e3o para al\u00e9m da simples apresenta\u00e7\u00e3o de factos, proporcionando uma [&hellip;]<\/p>\n","protected":false},"author":1,"featured_media":0,"parent":0,"menu_order":0,"comment_status":"closed","ping_status":"closed","template":"","meta":{"footnotes":""},"class_list":["post-302","page","type-page","status-publish","hentry"],"_links":{"self":[{"href":"https:\/\/rmtourportugal.com\/pt-pt\/wp-json\/wp\/v2\/pages\/302","targetHints":{"allow":["GET"]}}],"collection":[{"href":"https:\/\/rmtourportugal.com\/pt-pt\/wp-json\/wp\/v2\/pages"}],"about":[{"href":"https:\/\/rmtourportugal.com\/pt-pt\/wp-json\/wp\/v2\/types\/page"}],"author":[{"embeddable":true,"href":"https:\/\/rmtourportugal.com\/pt-pt\/wp-json\/wp\/v2\/users\/1"}],"replies":[{"embeddable":true,"href":"https:\/\/rmtourportugal.com\/pt-pt\/wp-json\/wp\/v2\/comments?post=302"}],"version-history":[{"count":7,"href":"https:\/\/rmtourportugal.com\/pt-pt\/wp-json\/wp\/v2\/pages\/302\/revisions"}],"predecessor-version":[{"id":1397,"href":"https:\/\/rmtourportugal.com\/pt-pt\/wp-json\/wp\/v2\/pages\/302\/revisions\/1397"}],"wp:attachment":[{"href":"https:\/\/rmtourportugal.com\/pt-pt\/wp-json\/wp\/v2\/media?parent=302"}],"curies":[{"name":"wp","href":"https:\/\/api.w.org\/{rel}","templated":true}]}}