{"id":304,"date":"2025-02-06T12:40:31","date_gmt":"2025-02-06T12:40:31","guid":{"rendered":"https:\/\/rmtourportugal.com\/sobre-nosotros\/"},"modified":"2025-03-06T12:06:23","modified_gmt":"2025-03-06T12:06:23","slug":"sobre-nosotros","status":"publish","type":"page","link":"https:\/\/rmtourportugal.com\/es\/sobre-nosotros\/","title":{"rendered":"Sobre nosotros"},"content":{"rendered":"\t\t<div data-elementor-type=\"wp-page\" data-elementor-id=\"304\" class=\"elementor elementor-304\" data-elementor-post-type=\"page\">\n\t\t\t\t<div class=\"elementor-element elementor-element-5b6f964 e-flex e-con-boxed e-con e-parent\" data-id=\"5b6f964\" data-element_type=\"container\">\n\t\t\t\t\t<div class=\"e-con-inner\">\n\t\t\t\t<div class=\"elementor-element elementor-element-2ce5fa2 elementor-arrows-position-inside elementor-pagination-position-outside elementor-widget elementor-widget-image-carousel\" data-id=\"2ce5fa2\" data-element_type=\"widget\" data-settings=\"{&quot;slides_to_show&quot;:&quot;4&quot;,&quot;image_spacing_custom&quot;:{&quot;unit&quot;:&quot;px&quot;,&quot;size&quot;:5,&quot;sizes&quot;:[]},&quot;navigation&quot;:&quot;both&quot;,&quot;autoplay&quot;:&quot;yes&quot;,&quot;pause_on_hover&quot;:&quot;yes&quot;,&quot;pause_on_interaction&quot;:&quot;yes&quot;,&quot;autoplay_speed&quot;:5000,&quot;infinite&quot;:&quot;yes&quot;,&quot;speed&quot;:500,&quot;image_spacing_custom_tablet&quot;:{&quot;unit&quot;:&quot;px&quot;,&quot;size&quot;:&quot;&quot;,&quot;sizes&quot;:[]},&quot;image_spacing_custom_mobile&quot;:{&quot;unit&quot;:&quot;px&quot;,&quot;size&quot;:&quot;&quot;,&quot;sizes&quot;:[]}}\" data-widget_type=\"image-carousel.default\">\n\t\t\t\t<div class=\"elementor-widget-container\">\n\t\t\t\t\t\t\t<div class=\"elementor-image-carousel-wrapper swiper\" role=\"region\" aria-roledescription=\"carousel\" aria-label=\"Carrossel de imagens\" dir=\"ltr\">\n\t\t\t<div class=\"elementor-image-carousel swiper-wrapper\" aria-live=\"off\">\n\t\t\t\t\t\t\t\t<div class=\"swiper-slide\" role=\"group\" aria-roledescription=\"slide\" aria-label=\"1 de 13\"><a data-elementor-open-lightbox=\"yes\" data-elementor-lightbox-slideshow=\"2ce5fa2\" data-elementor-lightbox-title=\"f0\" data-e-action-hash=\"#elementor-action%3Aaction%3Dlightbox%26settings%3DeyJpZCI6NTI4LCJ1cmwiOiJodHRwczpcL1wvcm10b3VycG9ydHVnYWwuY29tXC93cC1jb250ZW50XC91cGxvYWRzXC8yMDI1XC8wMlwvZjAtMS5qcGciLCJzbGlkZXNob3ciOiIyY2U1ZmEyIn0%3D\" href=\"https:\/\/rmtourportugal.com\/wp-content\/uploads\/2025\/02\/f0-1.jpg\"><figure class=\"swiper-slide-inner\"><img decoding=\"async\" class=\"swiper-slide-image\" src=\"https:\/\/rmtourportugal.com\/wp-content\/uploads\/2025\/02\/f0-1-300x200.jpg\" alt=\"f0\" \/><\/figure><\/a><\/div><div class=\"swiper-slide\" role=\"group\" aria-roledescription=\"slide\" aria-label=\"2 de 13\"><a data-elementor-open-lightbox=\"yes\" data-elementor-lightbox-slideshow=\"2ce5fa2\" data-elementor-lightbox-title=\"0a\" data-e-action-hash=\"#elementor-action%3Aaction%3Dlightbox%26settings%3DeyJpZCI6NTAyLCJ1cmwiOiJodHRwczpcL1wvcm10b3VycG9ydHVnYWwuY29tXC93cC1jb250ZW50XC91cGxvYWRzXC8yMDI1XC8wMlwvMGEuanBnIiwic2xpZGVzaG93IjoiMmNlNWZhMiJ9\" href=\"https:\/\/rmtourportugal.com\/wp-content\/uploads\/2025\/02\/0a.jpg\"><figure class=\"swiper-slide-inner\"><img decoding=\"async\" class=\"swiper-slide-image\" src=\"https:\/\/rmtourportugal.com\/wp-content\/uploads\/2025\/02\/0a-300x200.jpg\" alt=\"0a\" \/><\/figure><\/a><\/div><div class=\"swiper-slide\" role=\"group\" aria-roledescription=\"slide\" aria-label=\"3 de 13\"><a data-elementor-open-lightbox=\"yes\" data-elementor-lightbox-slideshow=\"2ce5fa2\" data-elementor-lightbox-title=\"61\" data-e-action-hash=\"#elementor-action%3Aaction%3Dlightbox%26settings%3DeyJpZCI6NDc0LCJ1cmwiOiJodHRwczpcL1wvcm10b3VycG9ydHVnYWwuY29tXC93cC1jb250ZW50XC91cGxvYWRzXC8yMDI1XC8wMlwvNjEuanBnIiwic2xpZGVzaG93IjoiMmNlNWZhMiJ9\" href=\"https:\/\/rmtourportugal.com\/wp-content\/uploads\/2025\/02\/61.jpg\"><figure class=\"swiper-slide-inner\"><img decoding=\"async\" class=\"swiper-slide-image\" src=\"https:\/\/rmtourportugal.com\/wp-content\/uploads\/2025\/02\/61-300x200.jpg\" alt=\"61\" \/><\/figure><\/a><\/div><div class=\"swiper-slide\" role=\"group\" aria-roledescription=\"slide\" aria-label=\"4 de 13\"><a data-elementor-open-lightbox=\"yes\" data-elementor-lightbox-slideshow=\"2ce5fa2\" data-elementor-lightbox-title=\"01\" data-e-action-hash=\"#elementor-action%3Aaction%3Dlightbox%26settings%3DeyJpZCI6NDgyLCJ1cmwiOiJodHRwczpcL1wvcm10b3VycG9ydHVnYWwuY29tXC93cC1jb250ZW50XC91cGxvYWRzXC8yMDI1XC8wMlwvMDEuanBnIiwic2xpZGVzaG93IjoiMmNlNWZhMiJ9\" href=\"https:\/\/rmtourportugal.com\/wp-content\/uploads\/2025\/02\/01.jpg\"><figure class=\"swiper-slide-inner\"><img decoding=\"async\" class=\"swiper-slide-image\" src=\"https:\/\/rmtourportugal.com\/wp-content\/uploads\/2025\/02\/01-300x200.jpg\" alt=\"01\" \/><\/figure><\/a><\/div><div class=\"swiper-slide\" role=\"group\" aria-roledescription=\"slide\" aria-label=\"5 de 13\"><a data-elementor-open-lightbox=\"yes\" data-elementor-lightbox-slideshow=\"2ce5fa2\" data-elementor-lightbox-title=\"29\" data-e-action-hash=\"#elementor-action%3Aaction%3Dlightbox%26settings%3DeyJpZCI6NDg2LCJ1cmwiOiJodHRwczpcL1wvcm10b3VycG9ydHVnYWwuY29tXC93cC1jb250ZW50XC91cGxvYWRzXC8yMDI1XC8wMlwvMjkuanBnIiwic2xpZGVzaG93IjoiMmNlNWZhMiJ9\" href=\"https:\/\/rmtourportugal.com\/wp-content\/uploads\/2025\/02\/29.jpg\"><figure class=\"swiper-slide-inner\"><img decoding=\"async\" class=\"swiper-slide-image\" src=\"https:\/\/rmtourportugal.com\/wp-content\/uploads\/2025\/02\/29-300x200.jpg\" alt=\"29\" \/><\/figure><\/a><\/div><div class=\"swiper-slide\" role=\"group\" aria-roledescription=\"slide\" aria-label=\"6 de 13\"><a data-elementor-open-lightbox=\"yes\" data-elementor-lightbox-slideshow=\"2ce5fa2\" data-elementor-lightbox-title=\"19\" data-e-action-hash=\"#elementor-action%3Aaction%3Dlightbox%26settings%3DeyJpZCI6MzQsInVybCI6Imh0dHBzOlwvXC9ybXRvdXJwb3J0dWdhbC5jb21cL3dwLWNvbnRlbnRcL3VwbG9hZHNcLzIwMjVcLzAxXC8xOS5qcGciLCJzbGlkZXNob3ciOiIyY2U1ZmEyIn0%3D\" href=\"https:\/\/rmtourportugal.com\/wp-content\/uploads\/2025\/01\/19.jpg\"><figure class=\"swiper-slide-inner\"><img decoding=\"async\" class=\"swiper-slide-image\" src=\"https:\/\/rmtourportugal.com\/wp-content\/uploads\/2025\/01\/19-300x200.jpg\" alt=\"19\" \/><\/figure><\/a><\/div><div class=\"swiper-slide\" role=\"group\" aria-roledescription=\"slide\" aria-label=\"7 de 13\"><a data-elementor-open-lightbox=\"yes\" data-elementor-lightbox-slideshow=\"2ce5fa2\" data-elementor-lightbox-title=\"bd\" data-e-action-hash=\"#elementor-action%3Aaction%3Dlightbox%26settings%3DeyJpZCI6MzYsInVybCI6Imh0dHBzOlwvXC9ybXRvdXJwb3J0dWdhbC5jb21cL3dwLWNvbnRlbnRcL3VwbG9hZHNcLzIwMjVcLzAxXC9iZC5qcGciLCJzbGlkZXNob3ciOiIyY2U1ZmEyIn0%3D\" href=\"https:\/\/rmtourportugal.com\/wp-content\/uploads\/2025\/01\/bd.jpg\"><figure class=\"swiper-slide-inner\"><img decoding=\"async\" class=\"swiper-slide-image\" src=\"https:\/\/rmtourportugal.com\/wp-content\/uploads\/2025\/01\/bd-300x200.jpg\" alt=\"bd\" \/><\/figure><\/a><\/div><div class=\"swiper-slide\" role=\"group\" aria-roledescription=\"slide\" aria-label=\"8 de 13\"><a data-elementor-open-lightbox=\"yes\" data-elementor-lightbox-slideshow=\"2ce5fa2\" data-elementor-lightbox-title=\"c7\" data-e-action-hash=\"#elementor-action%3Aaction%3Dlightbox%26settings%3DeyJpZCI6MzMsInVybCI6Imh0dHBzOlwvXC9ybXRvdXJwb3J0dWdhbC5jb21cL3dwLWNvbnRlbnRcL3VwbG9hZHNcLzIwMjVcLzAxXC9jNy0xLmpwZyIsInNsaWRlc2hvdyI6IjJjZTVmYTIifQ%3D%3D\" href=\"https:\/\/rmtourportugal.com\/wp-content\/uploads\/2025\/01\/c7-1.jpg\"><figure class=\"swiper-slide-inner\"><img decoding=\"async\" class=\"swiper-slide-image\" src=\"https:\/\/rmtourportugal.com\/wp-content\/uploads\/2025\/01\/c7-1-300x200.jpg\" alt=\"c7\" \/><\/figure><\/a><\/div><div class=\"swiper-slide\" role=\"group\" aria-roledescription=\"slide\" aria-label=\"9 de 13\"><a data-elementor-open-lightbox=\"yes\" data-elementor-lightbox-slideshow=\"2ce5fa2\" data-elementor-lightbox-title=\"0d (1)\" data-e-action-hash=\"#elementor-action%3Aaction%3Dlightbox%26settings%3DeyJpZCI6MzIsInVybCI6Imh0dHBzOlwvXC9ybXRvdXJwb3J0dWdhbC5jb21cL3dwLWNvbnRlbnRcL3VwbG9hZHNcLzIwMjVcLzAxXC8wZC0xLmpwZyIsInNsaWRlc2hvdyI6IjJjZTVmYTIifQ%3D%3D\" href=\"https:\/\/rmtourportugal.com\/wp-content\/uploads\/2025\/01\/0d-1.jpg\"><figure class=\"swiper-slide-inner\"><img decoding=\"async\" class=\"swiper-slide-image\" src=\"https:\/\/rmtourportugal.com\/wp-content\/uploads\/2025\/01\/0d-1-300x200.jpg\" alt=\"0d (1)\" \/><\/figure><\/a><\/div><div class=\"swiper-slide\" role=\"group\" aria-roledescription=\"slide\" aria-label=\"10 de 13\"><a data-elementor-open-lightbox=\"yes\" data-elementor-lightbox-slideshow=\"2ce5fa2\" data-elementor-lightbox-title=\"5f\" data-e-action-hash=\"#elementor-action%3Aaction%3Dlightbox%26settings%3DeyJpZCI6MTQsInVybCI6Imh0dHBzOlwvXC9ybXRvdXJwb3J0dWdhbC5jb21cL3dwLWNvbnRlbnRcL3VwbG9hZHNcLzIwMjVcLzAxXC81Zi5qcGciLCJzbGlkZXNob3ciOiIyY2U1ZmEyIn0%3D\" href=\"https:\/\/rmtourportugal.com\/wp-content\/uploads\/2025\/01\/5f.jpg\"><figure class=\"swiper-slide-inner\"><img decoding=\"async\" class=\"swiper-slide-image\" src=\"https:\/\/rmtourportugal.com\/wp-content\/uploads\/2025\/01\/5f-300x200.jpg\" alt=\"5f\" \/><\/figure><\/a><\/div><div class=\"swiper-slide\" role=\"group\" aria-roledescription=\"slide\" aria-label=\"11 de 13\"><a data-elementor-open-lightbox=\"yes\" data-elementor-lightbox-slideshow=\"2ce5fa2\" data-elementor-lightbox-title=\"d8\" data-e-action-hash=\"#elementor-action%3Aaction%3Dlightbox%26settings%3DeyJpZCI6MjksInVybCI6Imh0dHBzOlwvXC9ybXRvdXJwb3J0dWdhbC5jb21cL3dwLWNvbnRlbnRcL3VwbG9hZHNcLzIwMjVcLzAxXC9kOC5qcGciLCJzbGlkZXNob3ciOiIyY2U1ZmEyIn0%3D\" href=\"https:\/\/rmtourportugal.com\/wp-content\/uploads\/2025\/01\/d8.jpg\"><figure class=\"swiper-slide-inner\"><img decoding=\"async\" class=\"swiper-slide-image\" src=\"https:\/\/rmtourportugal.com\/wp-content\/uploads\/2025\/01\/d8-300x200.jpg\" alt=\"d8\" \/><\/figure><\/a><\/div><div class=\"swiper-slide\" role=\"group\" aria-roledescription=\"slide\" aria-label=\"12 de 13\"><a data-elementor-open-lightbox=\"yes\" data-elementor-lightbox-slideshow=\"2ce5fa2\" data-elementor-lightbox-title=\"4d\" data-e-action-hash=\"#elementor-action%3Aaction%3Dlightbox%26settings%3DeyJpZCI6OSwidXJsIjoiaHR0cHM6XC9cL3JtdG91cnBvcnR1Z2FsLmNvbVwvd3AtY29udGVudFwvdXBsb2Fkc1wvMjAyNVwvMDFcLzRkLmpwZyIsInNsaWRlc2hvdyI6IjJjZTVmYTIifQ%3D%3D\" href=\"https:\/\/rmtourportugal.com\/wp-content\/uploads\/2025\/01\/4d.jpg\"><figure class=\"swiper-slide-inner\"><img decoding=\"async\" class=\"swiper-slide-image\" src=\"https:\/\/rmtourportugal.com\/wp-content\/uploads\/2025\/01\/4d-300x200.jpg\" alt=\"4d\" \/><\/figure><\/a><\/div><div class=\"swiper-slide\" role=\"group\" aria-roledescription=\"slide\" aria-label=\"13 de 13\"><a data-elementor-open-lightbox=\"yes\" data-elementor-lightbox-slideshow=\"2ce5fa2\" data-elementor-lightbox-title=\"a6\" data-e-action-hash=\"#elementor-action%3Aaction%3Dlightbox%26settings%3DeyJpZCI6MjUsInVybCI6Imh0dHBzOlwvXC9ybXRvdXJwb3J0dWdhbC5jb21cL3dwLWNvbnRlbnRcL3VwbG9hZHNcLzIwMjVcLzAxXC9hNi5qcGciLCJzbGlkZXNob3ciOiIyY2U1ZmEyIn0%3D\" href=\"https:\/\/rmtourportugal.com\/wp-content\/uploads\/2025\/01\/a6.jpg\"><figure class=\"swiper-slide-inner\"><img decoding=\"async\" class=\"swiper-slide-image\" src=\"https:\/\/rmtourportugal.com\/wp-content\/uploads\/2025\/01\/a6-300x200.jpg\" alt=\"a6\" \/><\/figure><\/a><\/div>\t\t\t<\/div>\n\t\t\t\t\t\t\t\t\t\t\t\t<div class=\"elementor-swiper-button elementor-swiper-button-prev\" role=\"button\" tabindex=\"0\">\n\t\t\t\t\t\t<svg aria-hidden=\"true\" class=\"e-font-icon-svg e-eicon-chevron-left\" viewBox=\"0 0 1000 1000\" xmlns=\"http:\/\/www.w3.org\/2000\/svg\"><path d=\"M646 125C629 125 613 133 604 142L308 442C296 454 292 471 292 487 292 504 296 521 308 533L604 854C617 867 629 875 646 875 663 875 679 871 692 858 704 846 713 829 713 812 713 796 708 779 692 767L438 487 692 225C700 217 708 204 708 187 708 171 704 154 692 142 675 129 663 125 646 125Z\"><\/path><\/svg>\t\t\t\t\t<\/div>\n\t\t\t\t\t<div class=\"elementor-swiper-button elementor-swiper-button-next\" role=\"button\" tabindex=\"0\">\n\t\t\t\t\t\t<svg aria-hidden=\"true\" class=\"e-font-icon-svg e-eicon-chevron-right\" viewBox=\"0 0 1000 1000\" xmlns=\"http:\/\/www.w3.org\/2000\/svg\"><path d=\"M696 533C708 521 713 504 713 487 713 471 708 454 696 446L400 146C388 133 375 125 354 125 338 125 325 129 313 142 300 154 292 171 292 187 292 204 296 221 308 233L563 492 304 771C292 783 288 800 288 817 288 833 296 850 308 863 321 871 338 875 354 875 371 875 388 867 400 854L696 533Z\"><\/path><\/svg>\t\t\t\t\t<\/div>\n\t\t\t\t\n\t\t\t\t\t\t\t\t\t<div class=\"swiper-pagination\"><\/div>\n\t\t\t\t\t\t\t\t\t<\/div>\n\t\t\t\t\t\t<\/div>\n\t\t\t\t<\/div>\n\t\t\t\t\t<\/div>\n\t\t\t\t<\/div>\n\t\t<div class=\"elementor-element elementor-element-21d4c3d e-flex e-con-boxed e-con e-parent\" data-id=\"21d4c3d\" data-element_type=\"container\">\n\t\t\t\t\t<div class=\"e-con-inner\">\n\t\t\t\t<div class=\"elementor-element elementor-element-9139e37 elementor-widget elementor-widget-heading\" data-id=\"9139e37\" data-element_type=\"widget\" data-widget_type=\"heading.default\">\n\t\t\t\t<div class=\"elementor-widget-container\">\n\t\t\t\t\t<h2 class=\"elementor-heading-title elementor-size-default\">RM Tour\n<\/h2>\t\t\t\t<\/div>\n\t\t\t\t<\/div>\n\t\t\t\t<div class=\"elementor-element elementor-element-137c639 elementor-widget elementor-widget-heading\" data-id=\"137c639\" data-element_type=\"widget\" data-widget_type=\"heading.default\">\n\t\t\t\t<div class=\"elementor-widget-container\">\n\t\t\t\t\t<h2 class=\"elementor-heading-title elementor-size-default\">\u00a1M\u00e1s que una visita, una inmersi\u00f3n en la historia y la tradici\u00f3n de Coimbra!<\/h2>\t\t\t\t<\/div>\n\t\t\t\t<\/div>\n\t\t\t\t<div class=\"elementor-element elementor-element-079dabe elementor-widget elementor-widget-text-editor\" data-id=\"079dabe\" data-element_type=\"widget\" data-widget_type=\"text-editor.default\">\n\t\t\t\t<div class=\"elementor-widget-container\">\n\t\t\t\t\t\t\t\t\t<p>RM Tour naci\u00f3 con el prop\u00f3sito de transformar cada visita a la Universidad de Coimbra en una experiencia memorable, combinando historia, cultura y tradici\u00f3n de una manera envolvente. Nuestras visitas guiadas van m\u00e1s all\u00e1 de la simple presentaci\u00f3n de hechos: ofrecemos una verdadera inmersi\u00f3n en la riqueza hist\u00f3rica y en las costumbres que a\u00fan hoy forman parte de la instituci\u00f3n.<\/p><p>Nuestro diferencial es la experiencia de nuestro equipo, compuesto por exalumnos de la Universidad de Coimbra con formaci\u00f3n en historia, sociolog\u00eda y turismo. Este conocimiento profundo nos permite ofrecer recorridos aut\u00e9nticos y enriquecedores, creando una conexi\u00f3n genuina entre el pasado y el presente.<\/p><p>Con RM Tour, tu visita a la Universidad de Coimbra ser\u00e1 enriquecedora, din\u00e1mica e inolvidable. Descubre uno de los mayores patrimonios hist\u00f3ricos de Portugal de una manera \u00fanica e inmersiva.<\/p>\t\t\t\t\t\t\t\t<\/div>\n\t\t\t\t<\/div>\n\t\t\t\t\t<\/div>\n\t\t\t\t<\/div>\n\t\t\t\t<\/div>\n\t\t","protected":false},"excerpt":{"rendered":"<p>RM Tour \u00a1M\u00e1s que una visita, una inmersi\u00f3n en la historia y la tradici\u00f3n de Coimbra! RM Tour naci\u00f3 con el prop\u00f3sito de transformar cada visita a la Universidad de Coimbra en una experiencia memorable, combinando historia, cultura y tradici\u00f3n de una manera envolvente. Nuestras visitas guiadas van m\u00e1s all\u00e1 de la simple presentaci\u00f3n de [&hellip;]<\/p>\n","protected":false},"author":1,"featured_media":0,"parent":0,"menu_order":0,"comment_status":"closed","ping_status":"closed","template":"","meta":{"footnotes":""},"class_list":["post-304","page","type-page","status-publish","hentry"],"_links":{"self":[{"href":"https:\/\/rmtourportugal.com\/es\/wp-json\/wp\/v2\/pages\/304","targetHints":{"allow":["GET"]}}],"collection":[{"href":"https:\/\/rmtourportugal.com\/es\/wp-json\/wp\/v2\/pages"}],"about":[{"href":"https:\/\/rmtourportugal.com\/es\/wp-json\/wp\/v2\/types\/page"}],"author":[{"embeddable":true,"href":"https:\/\/rmtourportugal.com\/es\/wp-json\/wp\/v2\/users\/1"}],"replies":[{"embeddable":true,"href":"https:\/\/rmtourportugal.com\/es\/wp-json\/wp\/v2\/comments?post=304"}],"version-history":[{"count":7,"href":"https:\/\/rmtourportugal.com\/es\/wp-json\/wp\/v2\/pages\/304\/revisions"}],"predecessor-version":[{"id":1381,"href":"https:\/\/rmtourportugal.com\/es\/wp-json\/wp\/v2\/pages\/304\/revisions\/1381"}],"wp:attachment":[{"href":"https:\/\/rmtourportugal.com\/es\/wp-json\/wp\/v2\/media?parent=304"}],"curies":[{"name":"wp","href":"https:\/\/api.w.org\/{rel}","templated":true}]}}